{"id":23,"date":"2014-07-01T14:20:41","date_gmt":"2014-07-01T13:20:41","guid":{"rendered":"http:\/\/www.sc-conseil.eu\/?page_id=23"},"modified":"2022-04-26T15:46:41","modified_gmt":"2022-04-26T14:46:41","slug":"nos-referents","status":"publish","type":"page","link":"http:\/\/www.sc-conseil.eu\/?page_id=23","title":{"rendered":"LA FONDATRICE"},"content":{"rendered":"<p><a href=\"http:\/\/www.sc-conseil.eu\/wp-content\/uploads\/2014\/07\/soph.jpg\"><img loading=\"lazy\" class=\"margin:5px; alignleft wp-image-25 size-full\" src=\"http:\/\/www.sc-conseil.eu\/wp-content\/uploads\/2014\/07\/soph.jpg\" alt=\"soph\" width=\"183\" height=\"177\" \/><\/a><strong>Sophie CARUSO<br \/>\n06 26 26 35 41<br \/>\n<\/strong><a href=\"mailto:sophie.caruso@sc-conseil.eu\">sophie.caruso@sc-conseil.eu<\/a><\/p>\n<p>Sophie CARUSO a exerc\u00e9 pendant 15 ans des missions emploi au service d&rsquo;organisations sp\u00e9cialis\u00e9es dans l&rsquo;accompagnement de salari\u00e9s licenci\u00e9s et demandeurs d&#8217;emploi, aux postes de Charg\u00e9e de relations entreprises, Responsable du d\u00e9veloppement et Directrice de d\u00e9partement. Elle est anim\u00e9e par la conviction que l&rsquo;acc\u00e8s au travail pour tous est un droit essentiel qui permet \u00e0 chacun d&rsquo;\u00eatre un citoyen accompli.<\/p>\n<p>En 2014 elle cr\u00e9e SC Conseil, une structure ax\u00e9e sur des probl\u00e9matiques soci\u00e9tales complexes autour de l&#8217;emploi. Avec une \u00e9quipe choisie d&rsquo;experts pluridisciplinaires, ayant la m\u00eame vision, ils n&rsquo;ont eu de cesse de construire des dispositifs innovants et sp\u00e9cifiques pour accompagner des personnes priv\u00e9es d&#8217;emploi et fragilis\u00e9es par des situations complexes (longue maladie, cancer, RQTH, monoparentalit\u00e9, ch\u00f4mage de tr\u00e8s longue dur\u00e9e, &#8230;) compl\u00e9t\u00e9s par un accompagnement et des actions de sensibilisation des entreprises<\/p>\n<p>&nbsp;<\/p>\n<hr \/>\n<p>&nbsp;<\/p>\n<p>&nbsp;<\/p>\n","protected":false},"excerpt":{"rendered":"<p>Sophie CARUSO 06 26 26 35 41 sophie.caruso@sc-conseil.eu Sophie CARUSO a exerc\u00e9 pendant 15 ans des missions emploi au service d&rsquo;organisations sp\u00e9cialis\u00e9es dans l&rsquo;accompagnement de salari\u00e9s licenci\u00e9s et demandeurs d&#8217;emploi, aux postes de Charg\u00e9e de relations entreprises, Responsable du d\u00e9veloppement et Directrice de d\u00e9partement. Elle est anim\u00e9e par la conviction &#8230;<\/p>\n","protected":false},"author":1,"featured_media":0,"parent":21,"menu_order":0,"comment_status":"closed","ping_status":"open","template":"","meta":{"_monsterinsights_skip_tracking":false,"_monsterinsights_sitenote_active":false,"_monsterinsights_sitenote_note":"","_monsterinsights_sitenote_category":0},"_links":{"self":[{"href":"http:\/\/www.sc-conseil.eu\/index.php?rest_route=\/wp\/v2\/pages\/23"}],"collection":[{"href":"http:\/\/www.sc-conseil.eu\/index.php?rest_route=\/wp\/v2\/pages"}],"about":[{"href":"http:\/\/www.sc-conseil.eu\/index.php?rest_route=\/wp\/v2\/types\/page"}],"author":[{"embeddable":true,"href":"http:\/\/www.sc-conseil.eu\/index.php?rest_route=\/wp\/v2\/users\/1"}],"replies":[{"embeddable":true,"href":"http:\/\/www.sc-conseil.eu\/index.php?rest_route=%2Fwp%2Fv2%2Fcomments&post=23"}],"version-history":[{"count":13,"href":"http:\/\/www.sc-conseil.eu\/index.php?rest_route=\/wp\/v2\/pages\/23\/revisions"}],"predecessor-version":[{"id":191,"href":"http:\/\/www.sc-conseil.eu\/index.php?rest_route=\/wp\/v2\/pages\/23\/revisions\/191"}],"up":[{"embeddable":true,"href":"http:\/\/www.sc-conseil.eu\/index.php?rest_route=\/wp\/v2\/pages\/21"}],"wp:attachment":[{"href":"http:\/\/www.sc-conseil.eu\/index.php?rest_route=%2Fwp%2Fv2%2Fmedia&parent=23"}],"curies":[{"name":"wp","href":"https:\/\/api.w.org\/{rel}","templated":true}]}}