{"id":53,"date":"2014-07-01T15:34:59","date_gmt":"2014-07-01T14:34:59","guid":{"rendered":"http:\/\/www.sc-conseil.eu\/?page_id=53"},"modified":"2014-07-01T16:34:12","modified_gmt":"2014-07-01T15:34:12","slug":"bilan-orientation-jeunes","status":"publish","type":"page","link":"http:\/\/www.sc-conseil.eu\/?page_id=53","title":{"rendered":"BILAN ORIENTATION JEUNES"},"content":{"rendered":"<p>Tout parent est confront\u00e9 un jour \u00e0 la question du choix d&rsquo;orientation professionnelle de son enfant. Et vos salari\u00e9s n&rsquo;\u00e9chappent pas \u00e0 cette r\u00e8gle.<br \/>\nLe bilan d&rsquo;orientation r\u00e9pond \u00e0 cette probl\u00e9matique en permettant aux jeunes d&rsquo;explorer des pistes de m\u00e9tiers en lien avec leurs aspirations, leur personnalit\u00e9, leurs r\u00e9ussites scolaires, leur potentiel et les r\u00e9alit\u00e9s du march\u00e9 du travail (d\u00e9bouch\u00e9s, possibilit\u00e9s d&rsquo;\u00e9volution, salaires, etc.) et d&rsquo;effectuer ainsi les \u00e9tudes adapt\u00e9es \u00e0 leur projet.<br \/>\nCette exploration est r\u00e9alis\u00e9e par le biais d&rsquo;entretiens, de tests choisis, de questionnaires, de recherches documentaire et d&rsquo;enqu\u00eates terrain r\u00e9alis\u00e9es aupr\u00e8s de professionnels.<\/p>\n<p>Une \u00e9quipe de professionnels port\u00e9s par une \u00e9thique et une d\u00e9ontologie fortes peuvent vous accompagner dans cette d\u00e9marche.<\/p>\n<p>Cette prestation peut, \u00e0 titre d&rsquo;exemple, s&rsquo;int\u00e9grer dans le panel d&rsquo;offres de votre Comit\u00e9 d&rsquo;entreprise.<\/p>\n","protected":false},"excerpt":{"rendered":"<p>Tout parent est confront\u00e9 un jour \u00e0 la question du choix d&rsquo;orientation professionnelle de son enfant. Et vos salari\u00e9s n&rsquo;\u00e9chappent pas \u00e0 cette r\u00e8gle. Le bilan d&rsquo;orientation r\u00e9pond \u00e0 cette probl\u00e9matique en permettant aux jeunes d&rsquo;explorer des pistes de m\u00e9tiers en lien avec leurs aspirations, leur personnalit\u00e9, leurs r\u00e9ussites scolaires, &#8230;<\/p>\n","protected":false},"author":1,"featured_media":0,"parent":0,"menu_order":0,"comment_status":"closed","ping_status":"closed","template":"","meta":{"_monsterinsights_skip_tracking":false,"_monsterinsights_sitenote_active":false,"_monsterinsights_sitenote_note":"","_monsterinsights_sitenote_category":0},"_links":{"self":[{"href":"http:\/\/www.sc-conseil.eu\/index.php?rest_route=\/wp\/v2\/pages\/53"}],"collection":[{"href":"http:\/\/www.sc-conseil.eu\/index.php?rest_route=\/wp\/v2\/pages"}],"about":[{"href":"http:\/\/www.sc-conseil.eu\/index.php?rest_route=\/wp\/v2\/types\/page"}],"author":[{"embeddable":true,"href":"http:\/\/www.sc-conseil.eu\/index.php?rest_route=\/wp\/v2\/users\/1"}],"replies":[{"embeddable":true,"href":"http:\/\/www.sc-conseil.eu\/index.php?rest_route=%2Fwp%2Fv2%2Fcomments&post=53"}],"version-history":[{"count":1,"href":"http:\/\/www.sc-conseil.eu\/index.php?rest_route=\/wp\/v2\/pages\/53\/revisions"}],"predecessor-version":[{"id":54,"href":"http:\/\/www.sc-conseil.eu\/index.php?rest_route=\/wp\/v2\/pages\/53\/revisions\/54"}],"wp:attachment":[{"href":"http:\/\/www.sc-conseil.eu\/index.php?rest_route=%2Fwp%2Fv2%2Fmedia&parent=53"}],"curies":[{"name":"wp","href":"https:\/\/api.w.org\/{rel}","templated":true}]}}